{"id":3859,"date":"2022-06-21T17:02:11","date_gmt":"2022-06-21T17:02:11","guid":{"rendered":"https:\/\/casaleonsdr.gpasoft.com\/?page_id=3859"},"modified":"2022-12-24T00:28:38","modified_gmt":"2022-12-24T00:28:38","slug":"elementor-3859","status":"publish","type":"page","link":"https:\/\/geafe.com\/ca\/elementor-3859\/","title":{"rendered":"\u00bfQu\u00e9 es una cookie?"},"content":{"rendered":"<div data-elementor-type=\"wp-page\" data-elementor-id=\"3859\" class=\"elementor elementor-3859\" data-elementor-post-type=\"page\">\n\t\t\t\t\t\t<section class=\"elementor-section elementor-top-section elementor-element elementor-element-83ba9b8 elementor-section-boxed elementor-section-height-default elementor-section-height-default\" data-id=\"83ba9b8\" data-element_type=\"section\" data-e-type=\"section\">\n\t\t\t\t\t\t<div class=\"elementor-container elementor-column-gap-default\">\n\t\t\t\t\t<div class=\"elementor-column elementor-col-100 elementor-top-column elementor-element elementor-element-556bbda\" data-id=\"556bbda\" data-element_type=\"column\" data-e-type=\"column\">\n\t\t\t<div class=\"elementor-widget-wrap elementor-element-populated\">\n\t\t\t\t\t\t<div class=\"elementor-element elementor-element-27ace1e elementor-widget elementor-widget-heading\" data-id=\"27ace1e\" data-element_type=\"widget\" data-e-type=\"widget\" data-widget_type=\"heading.default\">\n\t\t\t\t<div class=\"elementor-widget-container\">\n\t\t\t\t\t<h2 class=\"elementor-heading-title elementor-size-default\">M\u00e1s informaci\u00f3n sobre las cookies<\/h2>\t\t\t\t<\/div>\n\t\t\t\t<\/div>\n\t\t\t\t\t<\/div>\n\t\t<\/div>\n\t\t\t\t\t<\/div>\n\t\t<\/section>\n\t\t\t\t<section class=\"elementor-section elementor-top-section elementor-element elementor-element-2c33b60 elementor-section-boxed elementor-section-height-default elementor-section-height-default\" data-id=\"2c33b60\" data-element_type=\"section\" data-e-type=\"section\" data-settings=\"{&quot;shape_divider_top&quot;:&quot;mountains&quot;,&quot;shape_divider_bottom&quot;:&quot;triangle-asymmetrical&quot;}\">\n\t\t\t\t\t\t\t<div class=\"elementor-background-overlay\"><\/div>\n\t\t\t\t\t\t<div class=\"elementor-shape elementor-shape-top\" aria-hidden=\"true\" data-negative=\"false\">\n\t\t\t<svg xmlns=\"http:\/\/www.w3.org\/2000\/svg\" viewbox=\"0 0 1000 100\" preserveaspectratio=\"none\">\n\t<path class=\"elementor-shape-fill\" opacity=\"0.33\" d=\"M473,67.3c-203.9,88.3-263.1-34-320.3,0C66,119.1,0,59.7,0,59.7V0h1000v59.7 c0,0-62.1,26.1-94.9,29.3c-32.8,3.3-62.8-12.3-75.8-22.1C806,49.6,745.3,8.7,694.9,4.7S492.4,59,473,67.3z\"\/>\n\t<path class=\"elementor-shape-fill\" opacity=\"0.66\" d=\"M734,67.3c-45.5,0-77.2-23.2-129.1-39.1c-28.6-8.7-150.3-10.1-254,39.1 s-91.7-34.4-149.2,0C115.7,118.3,0,39.8,0,39.8V0h1000v36.5c0,0-28.2-18.5-92.1-18.5C810.2,18.1,775.7,67.3,734,67.3z\"\/>\n\t<path class=\"elementor-shape-fill\" d=\"M766.1,28.9c-200-57.5-266,65.5-395.1,19.5C242,1.8,242,5.4,184.8,20.6C128,35.8,132.3,44.9,89.9,52.5C28.6,63.7,0,0,0,0 h1000c0,0-9.9,40.9-83.6,48.1S829.6,47,766.1,28.9z\"\/>\n<\/svg>\t\t<\/div>\n\t\t\t\t<div class=\"elementor-shape elementor-shape-bottom\" aria-hidden=\"true\" data-negative=\"false\">\n\t\t\t<svg xmlns=\"http:\/\/www.w3.org\/2000\/svg\" viewbox=\"0 0 1000 100\" preserveaspectratio=\"none\">\n\t<path class=\"elementor-shape-fill\" d=\"M738,99l262-93V0H0v5.6L738,99z\"\/>\n<\/svg>\t\t<\/div>\n\t\t\t\t\t<div class=\"elementor-container elementor-column-gap-default\">\n\t\t\t\t\t<div class=\"elementor-column elementor-col-100 elementor-top-column elementor-element elementor-element-ef717d9\" data-id=\"ef717d9\" data-element_type=\"column\" data-e-type=\"column\">\n\t\t\t<div class=\"elementor-widget-wrap elementor-element-populated\">\n\t\t\t\t\t\t<div class=\"elementor-element elementor-element-a4e6dec elementor-widget elementor-widget-text-editor\" data-id=\"a4e6dec\" data-element_type=\"widget\" data-e-type=\"widget\" data-widget_type=\"text-editor.default\">\n\t\t\t\t<div class=\"elementor-widget-container\">\n\t\t\t\t\t\t\t\t\t<h2>\u00bfQu\u00e9 es una cookie?<\/h2><p>Una\u00a0<em>cookie<\/em>\u00a0es un fichero de texto\u00a0<b>inofensivo<\/b>\u00a0que se almacena en su navegador cuando visita casi cualquier p\u00e1gina web. La utilidad de la\u00a0<em>cookie<\/em>\u00a0es que la web sea capaz de recordar su visita cuando vuelva a navegar por esa p\u00e1gina. Aunque mucha gente no lo sabe las\u00a0<em>cookies<\/em>\u00a0se llevan utilizando desde hace 20 a\u00f1os, cuando aparecieron los primeros navegadores para la World Wide Web.<\/p><h2>\u00bfQu\u00e9 NO ES una cookie?<\/h2><p>No es un virus, ni un troyano, ni un gusano, ni spam, ni spyware, ni abre ventanas pop-up.<\/p><h2>\u00bfQu\u00e9 informaci\u00f3n almacena una\u00a0<em>cookie<\/em>?<\/h2><p>Las\u00a0<em>cookies<\/em>\u00a0no suelen almacenar informaci\u00f3n sensible sobre usted, como tarjetas de cr\u00e9dito o datos bancarios, fotograf\u00edas, su DNI o informaci\u00f3n personal, etc. Los datos que guardan son de car\u00e1cter t\u00e9cnico, preferencias personales, personalizaci\u00f3n de contenidos, etc.<\/p><p>El servidor web no le asocia a usted como persona si no a su navegador web. De hecho, si usted navega habitualmente con Internet Explorer y prueba a navegar por la misma web con Firefox o Chrome ver\u00e1 que la web no se da cuenta que es usted la misma persona porque en realidad est\u00e1 asociando al navegador, no a la persona.<\/p><h2>\u00bfQu\u00e9 tipo de\u00a0<em>cookies<\/em>\u00a0existen?<\/h2><ul><li><em>Cookies<\/em>\u00a0t\u00e9cnicas: Son las m\u00e1s elementales y permiten, entre otras cosas, saber cu\u00e1ndo est\u00e1 navegando un humano o una aplicaci\u00f3n automatizada, cu\u00e1ndo navega un usuario an\u00f3nimo y uno registrado, tareas b\u00e1sicas para el funcionamiento de cualquier web din\u00e1mica.<\/li><li><em>Cookies<\/em>\u00a0de an\u00e1lisis: Recogen informaci\u00f3n sobre el tipo de navegaci\u00f3n que est\u00e1 realizando, las secciones que m\u00e1s utiliza, productos consultados, franja horaria de uso, idioma, etc.<\/li><li><em>Cookies<\/em>\u00a0publicitarias: Muestran publicidad en funci\u00f3n de su navegaci\u00f3n, su pa\u00eds de procedencia, idioma, etc.<\/li><\/ul><h2>\u00bfQu\u00e9 son las\u00a0<em>cookies<\/em>\u00a0propias y las de terceros?<\/h2><p>Las\u00a0<em>cookies propias<\/em>\u00a0son las generadas por la p\u00e1gina que est\u00e1 visitando y las\u00a0<em>de terceros<\/em>\u00a0son las generadas por servicios o proveedores externos como Facebook, Twitter, Google, etc.<\/p><h2>\u00bfQu\u00e9 ocurre si desactivo las\u00a0<em>cookies<\/em>?<\/h2><p>Para que entienda el alcance que puede tener desactivar las\u00a0<em>cookies<\/em>\u00a0le mostramos unos ejemplos:<\/p><ul><li>No podr\u00e1 compartir contenidos de esa web en Facebook, Twitter o cualquier otra red social.<\/li><li>El sitio web no podr\u00e1 adaptar los contenidos a sus preferencias personales, como suele ocurrir en las tiendas online.<\/li><li>No podr\u00e1 acceder al \u00e1rea personal de esa web, como por ejemplo\u00a0<em>Mi cuenta<\/em>, o\u00a0<em>Mi perfil<\/em>\u00a0o\u00a0<em>Mis pedidos<\/em>.<\/li><li>Tiendas online: Le ser\u00e1 imposible realizar compras online, tendr\u00e1n que ser telef\u00f3nicas o visitando la tienda f\u00edsica si es que dispone de ella.<\/li><li>No ser\u00e1 posible personalizar sus preferencias geogr\u00e1ficas como franja horaria, divisa o idioma.<\/li><li>El sitio web no podr\u00e1 realizar anal\u00edticas web sobre visitantes y tr\u00e1fico en la web, lo que dificultar\u00e1 que la web sea competitiva.<\/li><li>No podr\u00e1 escribir en el blog, no podr\u00e1 subir fotos, publicar comentarios, valorar o puntuar contenidos. La web tampoco podr\u00e1 saber si usted es un humano o una aplicaci\u00f3n automatizada que publica\u00a0<em>spam<\/em>.<\/li><li>No se podr\u00e1 mostrar publicidad sectorizada, lo que reducir\u00e1 los ingresos publicitarios de la web.<\/li><li>Todas las redes sociales usan\u00a0<em>cookies<\/em>, si las desactiva no podr\u00e1 utilizar ninguna red social.<\/li><\/ul><h2>\u00bfSe pueden eliminar las\u00a0<em>cookies<\/em>?<\/h2><p>S\u00ed. No s\u00f3lo eliminar, tambi\u00e9n bloquear, de forma general o particular para un dominio espec\u00edfico.<\/p><p>Para eliminar las\u00a0<em>cookies<\/em>\u00a0de un sitio web debe ir a la configuraci\u00f3n de su navegador y all\u00ed podr\u00e1 buscar las asociadas al dominio en cuesti\u00f3n y proceder a su eliminaci\u00f3n.<\/p><h2 id=\"navegadores\">Configuraci\u00f3n de\u00a0<em>cookies<\/em>\u00a0para los navegadores m\u00e1s polulares<\/h2><p>A continuaci\u00f3n le indicamos c\u00f3mo acceder a una\u00a0<em>cookie<\/em>\u00a0determinada del navegador\u00a0<b>Chrome<\/b>. Nota: estos pasos pueden variar en funci\u00f3n de la versi\u00f3n del navegador:<\/p><ol><li>Vaya a Configuraci\u00f3n o Preferencias mediante el men\u00fa Archivo o bien pinchando el icono de personalizaci\u00f3n que aparece arriba a la derecha.<\/li><li>Ver\u00e1 diferentes secciones, pinche la opci\u00f3n\u00a0<em>Mostrar opciones avanzadas<\/em>.<\/li><li>Vaya a\u00a0<em>Privacidad<\/em>,\u00a0<em>Configuraci\u00f3n de contenido<\/em>.<\/li><li>Seleccione\u00a0<em>Todas las\u00a0cookies\u00a0y los datos de sitios<\/em>.<\/li><li>Aparecer\u00e1 un listado con todas las\u00a0<em>cookies<\/em>\u00a0ordenadas por dominio. Para que le sea m\u00e1s f\u00e1cil encontrar las\u00a0<em>cookies<\/em>\u00a0de un determinado dominio introduzca parcial o totalmente la direcci\u00f3n en el campo\u00a0<em>Buscar cookies<\/em>.<\/li><li>Tras realizar este filtro aparecer\u00e1n en pantalla una o varias l\u00edneas con las\u00a0<em>cookies<\/em>\u00a0de la web solicitada. Ahora s\u00f3lo tiene que seleccionarla y pulsar la\u00a0<em>X<\/em>\u00a0para proceder a su eliminaci\u00f3n.<\/li><\/ol><p>Para acceder a la configuraci\u00f3n de\u00a0<em>cookies<\/em>\u00a0del navegador\u00a0<b>Internet Explorer<\/b>\u00a0siga estos pasos (pueden variar en funci\u00f3n de la versi\u00f3n del navegador):<\/p><ol><li>Vaya a\u00a0<em>Herramientas<\/em>,\u00a0<em>Opciones de Internet<\/em><\/li><li>Haga click en\u00a0<em>Privacidad<\/em>.<\/li><li>Mueva el deslizador hasta ajustar el nivel de privacidad que desee.<\/li><\/ol><p>Para acceder a la configuraci\u00f3n de\u00a0<em>cookies<\/em>\u00a0del navegador\u00a0<b>Firefox<\/b>\u00a0siga estos pasos (pueden variar en funci\u00f3n de la versi\u00f3n del navegador):<\/p><ol><li>Vaya a\u00a0<em>Opciones<\/em>\u00a0o\u00a0<em>Preferencias<\/em>\u00a0seg\u00fan su sistema operativo.<\/li><li>Haga click en\u00a0<em>Privacidad<\/em>.<\/li><li>En\u00a0<em>Historial<\/em>\u00a0elija\u00a0<em>Usar una configuraci\u00f3n personalizada para el historial<\/em>.<\/li><li>Ahora ver\u00e1 la opci\u00f3n\u00a0<em>Aceptar cookies<\/em>, puede activarla o desactivarla seg\u00fan sus preferencias.<\/li><\/ol><p>Para acceder a la configuraci\u00f3n de\u00a0<em>cookies<\/em>\u00a0del navegador\u00a0<b>Safari para OSX<\/b>\u00a0siga estos pasos (pueden variar en funci\u00f3n de la versi\u00f3n del navegador):<\/p><ol><li>Vaya a\u00a0<em>Preferencias<\/em>, luego\u00a0<em>Privacidad<\/em>.<\/li><li>En este lugar ver\u00e1 la opci\u00f3n\u00a0<em>Bloquear cookies<\/em>\u00a0para que ajuste el tipo de bloqueo que desea realizar.<\/li><\/ol><p>Para acceder a la configuraci\u00f3n de\u00a0<em>cookies<\/em>\u00a0del navegador\u00a0<b>Safari para iOS<\/b>\u00a0siga estos pasos (pueden variar en funci\u00f3n de la versi\u00f3n del navegador):<\/p><ol><li>Vaya a\u00a0<em>Ajustes<\/em>, luego\u00a0<em>Safari<\/em>.<\/li><li>Vaya a\u00a0<em>Privacidad y Seguridad<\/em>, ver\u00e1 la opci\u00f3n\u00a0<em>Bloquear cookies<\/em>\u00a0para que ajuste el tipo de bloqueo que desea realizar.<\/li><\/ol><p>Para acceder a la configuraci\u00f3n de\u00a0<em>cookies<\/em>\u00a0del navegador para dispositivos\u00a0<b>Android<\/b>\u00a0siga estos pasos (pueden variar en funci\u00f3n de la versi\u00f3n del navegador):<\/p><ol><li>Ejecute el navegador y pulse la tecla\u00a0<em>Men\u00fa<\/em>, luego\u00a0<em>Ajustes<\/em>.<\/li><li>Vaya a\u00a0<em>Seguridad y Privacidad<\/em>, ver\u00e1 la opci\u00f3n\u00a0<em>Aceptar cookies<\/em>\u00a0para que active o desactive la casilla.<\/li><\/ol><p>Para acceder a la configuraci\u00f3n de\u00a0<em>cookies<\/em>\u00a0del navegador para dispositivos\u00a0<b>Windows Phone<\/b>\u00a0siga estos pasos (pueden variar en funci\u00f3n de la versi\u00f3n del navegador):<\/p><ol><li>Abra\u00a0<em>Internet Explorer<\/em>, luego\u00a0<em>M\u00e1s<\/em>, luego\u00a0<em>Configuraci\u00f3n<\/em><\/li><li>Ahora puede activar o desactivar la casilla\u00a0<em>Permitir cookies<\/em>.<\/li><\/ol>\t\t\t\t\t\t\t\t<\/div>\n\t\t\t\t<\/div>\n\t\t\t\t\t<\/div>\n\t\t<\/div>\n\t\t\t\t\t<\/div>\n\t\t<\/section>\n\t\t\t\t<section class=\"elementor-section elementor-top-section elementor-element elementor-element-9e525fe elementor-section-boxed elementor-section-height-default elementor-section-height-default\" data-id=\"9e525fe\" data-element_type=\"section\" data-e-type=\"section\">\n\t\t\t\t\t\t<div class=\"elementor-container elementor-column-gap-default\">\n\t\t\t\t\t<div class=\"elementor-column elementor-col-100 elementor-top-column elementor-element elementor-element-a42c809\" data-id=\"a42c809\" data-element_type=\"column\" data-e-type=\"column\">\n\t\t\t<div class=\"elementor-widget-wrap elementor-element-populated\">\n\t\t\t\t\t\t\t<\/div>\n\t\t<\/div>\n\t\t\t\t\t<\/div>\n\t\t<\/section>\n\t\t\t\t<\/div>","protected":false},"excerpt":{"rendered":"<p>M\u00e1s informaci\u00f3n sobre las cookies \u00bfQu\u00e9 es una cookie? Una&nbsp;cookie&nbsp;es un fichero de texto&nbsp;inofensivo&nbsp;que se almacena en su navegador cuando visita casi cualquier p\u00e1gina web. La utilidad de la&nbsp;cookie&nbsp;es que la web sea capaz de recordar su visita cuando vuelva a navegar por esa p\u00e1gina. Aunque mucha gente no lo sabe las&nbsp;cookies&nbsp;se llevan utilizando desde &#8230; <a title=\"\u00bfQu\u00e9 es una cookie?\" class=\"read-more\" href=\"https:\/\/geafe.com\/ca\/elementor-3859\/\" aria-label=\"More on \u00bfQu\u00e9 es una cookie?\">Read more<\/a><\/p>","protected":false},"author":1,"featured_media":0,"parent":0,"menu_order":0,"comment_status":"closed","ping_status":"closed","template":"","meta":{"footnotes":""},"class_list":["post-3859","page","type-page","status-publish"],"_links":{"self":[{"href":"https:\/\/geafe.com\/ca\/wp-json\/wp\/v2\/pages\/3859","targetHints":{"allow":["GET"]}}],"collection":[{"href":"https:\/\/geafe.com\/ca\/wp-json\/wp\/v2\/pages"}],"about":[{"href":"https:\/\/geafe.com\/ca\/wp-json\/wp\/v2\/types\/page"}],"author":[{"embeddable":true,"href":"https:\/\/geafe.com\/ca\/wp-json\/wp\/v2\/users\/1"}],"replies":[{"embeddable":true,"href":"https:\/\/geafe.com\/ca\/wp-json\/wp\/v2\/comments?post=3859"}],"version-history":[{"count":15,"href":"https:\/\/geafe.com\/ca\/wp-json\/wp\/v2\/pages\/3859\/revisions"}],"predecessor-version":[{"id":5358,"href":"https:\/\/geafe.com\/ca\/wp-json\/wp\/v2\/pages\/3859\/revisions\/5358"}],"wp:attachment":[{"href":"https:\/\/geafe.com\/ca\/wp-json\/wp\/v2\/media?parent=3859"}],"curies":[{"name":"wp","href":"https:\/\/api.w.org\/{rel}","templated":true}]}}