{"id":4485,"date":"2022-12-02T10:33:17","date_gmt":"2022-12-02T10:33:17","guid":{"rendered":"https:\/\/geafe.gpasoft.com\/?page_id=4485"},"modified":"2022-12-24T00:37:49","modified_gmt":"2022-12-24T00:37:49","slug":"presentacion","status":"publish","type":"page","link":"https:\/\/geafe.com\/ca\/presentacion\/","title":{"rendered":"Presentaci\u00f3n"},"content":{"rendered":"<div data-elementor-type=\"wp-page\" data-elementor-id=\"4485\" class=\"elementor elementor-4485\" data-elementor-post-type=\"page\">\n\t\t\t\t\t\t<section class=\"elementor-section elementor-top-section elementor-element elementor-element-54e5dba elementor-section-boxed elementor-section-height-default elementor-section-height-default\" data-id=\"54e5dba\" data-element_type=\"section\" data-e-type=\"section\">\n\t\t\t\t\t\t<div class=\"elementor-container elementor-column-gap-default\">\n\t\t\t\t\t<div class=\"elementor-column elementor-col-100 elementor-top-column elementor-element elementor-element-c874543\" data-id=\"c874543\" data-element_type=\"column\" data-e-type=\"column\">\n\t\t\t<div class=\"elementor-widget-wrap elementor-element-populated\">\n\t\t\t\t\t\t<div class=\"elementor-element elementor-element-6f5b8a5 elementor-widget elementor-widget-heading\" data-id=\"6f5b8a5\" data-element_type=\"widget\" data-e-type=\"widget\" data-widget_type=\"heading.default\">\n\t\t\t\t<div class=\"elementor-widget-container\">\n\t\t\t\t\t<h1 class=\"elementor-heading-title elementor-size-default\">Presentaci\u00f3n<\/h1>\t\t\t\t<\/div>\n\t\t\t\t<\/div>\n\t\t\t\t\t<\/div>\n\t\t<\/div>\n\t\t\t\t\t<\/div>\n\t\t<\/section>\n\t\t\t\t<section class=\"elementor-section elementor-top-section elementor-element elementor-element-96c189e elementor-section-boxed elementor-section-height-default elementor-section-height-default\" data-id=\"96c189e\" data-element_type=\"section\" data-e-type=\"section\" data-settings=\"{&quot;shape_divider_top&quot;:&quot;opacity-fan&quot;,&quot;shape_divider_bottom&quot;:&quot;pyramids&quot;}\">\n\t\t\t\t\t\t\t<div class=\"elementor-background-overlay\"><\/div>\n\t\t\t\t\t\t<div class=\"elementor-shape elementor-shape-top\" aria-hidden=\"true\" data-negative=\"false\">\n\t\t\t<svg xmlns=\"http:\/\/www.w3.org\/2000\/svg\" viewbox=\"0 0 283.5 19.6\" preserveaspectratio=\"none\">\n\t<path class=\"elementor-shape-fill\" style=\"opacity:0.33\" d=\"M0 0L0 18.8 141.8 4.1 283.5 18.8 283.5 0z\"\/>\n\t<path class=\"elementor-shape-fill\" style=\"opacity:0.33\" d=\"M0 0L0 12.6 141.8 4 283.5 12.6 283.5 0z\"\/>\n\t<path class=\"elementor-shape-fill\" style=\"opacity:0.33\" d=\"M0 0L0 6.4 141.8 4 283.5 6.4 283.5 0z\"\/>\n\t<path class=\"elementor-shape-fill\" d=\"M0 0L0 1.2 141.8 4 283.5 1.2 283.5 0z\"\/>\n<\/svg>\t\t<\/div>\n\t\t\t\t<div class=\"elementor-shape elementor-shape-bottom\" aria-hidden=\"true\" data-negative=\"false\">\n\t\t\t<svg xmlns=\"http:\/\/www.w3.org\/2000\/svg\" viewbox=\"0 0 1000 100\" preserveaspectratio=\"none\">\n\t<path class=\"elementor-shape-fill\" d=\"M761.9,44.1L643.1,27.2L333.8,98L0,3.8V0l1000,0v3.9\"\/>\n<\/svg>\t\t<\/div>\n\t\t\t\t\t<div class=\"elementor-container elementor-column-gap-default\">\n\t\t\t\t\t<div class=\"elementor-column elementor-col-50 elementor-top-column elementor-element elementor-element-89813ae\" data-id=\"89813ae\" data-element_type=\"column\" data-e-type=\"column\">\n\t\t\t<div class=\"elementor-widget-wrap elementor-element-populated\">\n\t\t\t\t\t\t<div class=\"elementor-element elementor-element-6320154 elementor-widget elementor-widget-image\" data-id=\"6320154\" data-element_type=\"widget\" data-e-type=\"widget\" data-widget_type=\"image.default\">\n\t\t\t\t<div class=\"elementor-widget-container\">\n\t\t\t\t\t\t\t\t\t\t\t\t\t\t\t<img fetchpriority=\"high\" decoding=\"async\" width=\"649\" height=\"812\" src=\"https:\/\/geafe.com\/wp-content\/uploads\/2022\/12\/geafe-central.jpg\" class=\"attachment-full size-full wp-image-4494\" alt=\"\" srcset=\"https:\/\/geafe.com\/wp-content\/uploads\/2022\/12\/geafe-central.jpg 649w, https:\/\/geafe.com\/wp-content\/uploads\/2022\/12\/geafe-central-240x300.jpg 240w\" sizes=\"(max-width: 649px) 100vw, 649px\" \/>\t\t\t\t\t\t\t\t\t\t\t\t\t\t\t<\/div>\n\t\t\t\t<\/div>\n\t\t\t\t\t<\/div>\n\t\t<\/div>\n\t\t\t\t<div class=\"elementor-column elementor-col-50 elementor-top-column elementor-element elementor-element-2cba94c\" data-id=\"2cba94c\" data-element_type=\"column\" data-e-type=\"column\">\n\t\t\t<div class=\"elementor-widget-wrap elementor-element-populated\">\n\t\t\t\t\t\t<div class=\"elementor-element elementor-element-899796b elementor-widget elementor-widget-text-editor\" data-id=\"899796b\" data-element_type=\"widget\" data-e-type=\"widget\" data-widget_type=\"text-editor.default\">\n\t\t\t\t<div class=\"elementor-widget-container\">\n\t\t\t\t\t\t\t\t\t<p>GEAFE desde el a\u00f1o 1988 es una empresa pionera en la organizaci\u00f3n de programas de actividades deportivas, f\u00edsicas y de Ocio.<\/p>\n<p>En este tiempo. se empez\u00f3 a desarrollar en el interior de nuestra sociedad un gran inter\u00e9s social dirigido a la pr\u00e1ctica de actividades deportivas. De este modo el deporte se convirti\u00f3 en una necesidad m\u00e1s de nuestra vida social. Muchos ayuntamientos tuvimos que adaptarnos al nuevo contexto social donde el deporte se hab\u00eda impuesto con m\u00e1s fuerza, proporcionando instalaciones m\u00e1s complejas por los usuarios.<\/p>\n<p><span style=\"color: var( --e-global-color-text ); letter-spacing: 0px; background-color: rgba(255, 255, 255, 0);\">La complejidad de estas nuevas instalaciones combinada con el exigente y elevada demanda de usuarios cada vez m\u00e1s exigentes, requiere una gesti\u00f3n m\u00e1s efectiva y la creaci\u00f3n de programas deportivos innovadores y de calidad.<\/span><\/p>\n<p><span style=\"color: var( --e-global-color-text ); letter-spacing: 0px; background-color: rgba(255, 255, 255, 0);\">En GEAFE hemos ido acumulando los conocimientos t\u00e9cnicos y la experiencia de un equipo din\u00e1mico y especializado desde su origen, hasta convertirnos en un servicio de calidad y flexibilidad.<\/span><\/p>\n<p><span style=\"color: var( --e-global-color-text ); letter-spacing: 0px; background-color: rgba(255, 255, 255, 0);\">Somos especialistas en la gesti\u00f3n de equipaciones deportivas, tenemos muy claro a qui\u00e9n van dirigidas nuestras actividades as\u00ed como las necesidades que tenemos que atender. Esta experiencia nos ha permitido desarrollar un sistema de organizaci\u00f3n interna que consigue incrementar la confianza y lealtad de nuestros usuarios. La organizaci\u00f3n de nuestra empresa se basa en la buena selecci\u00f3n del personal y en su formaci\u00f3n posterior. Trabajamos en equipo, un equipo orientado en la realizaci\u00f3n de un \u00fanico objetivo: aumentar la satisfacci\u00f3n del usuario.<\/span><\/p>\n<p><span style=\"color: var( --e-global-color-text ); letter-spacing: 0px; background-color: rgba(255, 255, 255, 0);\">Antes del dise\u00f1o o puesta en marcha de un proyecto, tenemos presente que cada municipio responde a una realidad diferente. con exigencias y caracter\u00edsticas diferentes. Y es por esta raz\u00f3n que nosotros realizamos nuestro trabajo en estrecha colaboraci\u00f3n con el Ayuntamiento.<\/span><\/p><p><span style=\"color: var( --e-global-color-text ); letter-spacing: 0px; background-color: rgba(255, 255, 255, 0);\">En primer lugar, analizamos cu\u00e1les son sus necesidades, y adecuamos nuestros servicios y nuestra organizaci\u00f3n&#8230;.<\/span><\/p>\t\t\t\t\t\t\t\t<\/div>\n\t\t\t\t<\/div>\n\t\t\t\t\t<\/div>\n\t\t<\/div>\n\t\t\t\t\t<\/div>\n\t\t<\/section>\n\t\t\t\t<\/div>","protected":false},"excerpt":{"rendered":"<p>Presentaci\u00f3n GEAFE desde el a\u00f1o 1988 es una empresa pionera en la organizaci\u00f3n de programas de actividades deportivas, f\u00edsicas y de Ocio. En este tiempo. se empez\u00f3 a desarrollar en el interior de nuestra sociedad un gran inter\u00e9s social dirigido a la pr\u00e1ctica de actividades deportivas. De este modo el deporte se convirti\u00f3 en una &#8230; <a title=\"Presentaci\u00f3n\" class=\"read-more\" href=\"https:\/\/geafe.com\/ca\/presentacion\/\" aria-label=\"More on Presentaci\u00f3n\">Read more<\/a><\/p>","protected":false},"author":1,"featured_media":0,"parent":0,"menu_order":0,"comment_status":"closed","ping_status":"closed","template":"","meta":{"footnotes":""},"class_list":["post-4485","page","type-page","status-publish"],"_links":{"self":[{"href":"https:\/\/geafe.com\/ca\/wp-json\/wp\/v2\/pages\/4485","targetHints":{"allow":["GET"]}}],"collection":[{"href":"https:\/\/geafe.com\/ca\/wp-json\/wp\/v2\/pages"}],"about":[{"href":"https:\/\/geafe.com\/ca\/wp-json\/wp\/v2\/types\/page"}],"author":[{"embeddable":true,"href":"https:\/\/geafe.com\/ca\/wp-json\/wp\/v2\/users\/1"}],"replies":[{"embeddable":true,"href":"https:\/\/geafe.com\/ca\/wp-json\/wp\/v2\/comments?post=4485"}],"version-history":[{"count":84,"href":"https:\/\/geafe.com\/ca\/wp-json\/wp\/v2\/pages\/4485\/revisions"}],"predecessor-version":[{"id":5372,"href":"https:\/\/geafe.com\/ca\/wp-json\/wp\/v2\/pages\/4485\/revisions\/5372"}],"wp:attachment":[{"href":"https:\/\/geafe.com\/ca\/wp-json\/wp\/v2\/media?parent=4485"}],"curies":[{"name":"wp","href":"https:\/\/api.w.org\/{rel}","templated":true}]}}