{"id":4960,"date":"2022-12-19T10:42:00","date_gmt":"2022-12-19T10:42:00","guid":{"rendered":"https:\/\/geafe.gpasoft.com\/?page_id=4960"},"modified":"2022-12-24T00:38:42","modified_gmt":"2022-12-24T00:38:42","slug":"servicios","status":"publish","type":"page","link":"https:\/\/geafe.com\/ca\/servicios\/","title":{"rendered":"Servicios"},"content":{"rendered":"<div data-elementor-type=\"wp-page\" data-elementor-id=\"4960\" class=\"elementor elementor-4960\" data-elementor-post-type=\"page\">\n\t\t\t\t\t\t<section class=\"elementor-section elementor-top-section elementor-element elementor-element-5031803 elementor-section-boxed elementor-section-height-default elementor-section-height-default\" data-id=\"5031803\" data-element_type=\"section\" data-e-type=\"section\">\n\t\t\t\t\t\t<div class=\"elementor-container elementor-column-gap-default\">\n\t\t\t\t\t<div class=\"elementor-column elementor-col-100 elementor-top-column elementor-element elementor-element-13f143f\" data-id=\"13f143f\" data-element_type=\"column\" data-e-type=\"column\">\n\t\t\t<div class=\"elementor-widget-wrap elementor-element-populated\">\n\t\t\t\t\t\t<div class=\"elementor-element elementor-element-2ab926d elementor-widget elementor-widget-heading\" data-id=\"2ab926d\" data-element_type=\"widget\" data-e-type=\"widget\" data-widget_type=\"heading.default\">\n\t\t\t\t<div class=\"elementor-widget-container\">\n\t\t\t\t\t<h1 class=\"elementor-heading-title elementor-size-default\">Servicios<\/h1>\t\t\t\t<\/div>\n\t\t\t\t<\/div>\n\t\t\t\t\t<\/div>\n\t\t<\/div>\n\t\t\t\t\t<\/div>\n\t\t<\/section>\n\t\t\t\t<section class=\"elementor-section elementor-top-section elementor-element elementor-element-e36ea35 elementor-section-boxed elementor-section-height-default elementor-section-height-default\" data-id=\"e36ea35\" data-element_type=\"section\" data-e-type=\"section\" data-settings=\"{&quot;shape_divider_top&quot;:&quot;opacity-fan&quot;,&quot;shape_divider_bottom&quot;:&quot;pyramids&quot;}\">\n\t\t\t\t\t\t\t<div class=\"elementor-background-overlay\"><\/div>\n\t\t\t\t\t\t<div class=\"elementor-shape elementor-shape-top\" aria-hidden=\"true\" data-negative=\"false\">\n\t\t\t<svg xmlns=\"http:\/\/www.w3.org\/2000\/svg\" viewbox=\"0 0 283.5 19.6\" preserveaspectratio=\"none\">\n\t<path class=\"elementor-shape-fill\" style=\"opacity:0.33\" d=\"M0 0L0 18.8 141.8 4.1 283.5 18.8 283.5 0z\"\/>\n\t<path class=\"elementor-shape-fill\" style=\"opacity:0.33\" d=\"M0 0L0 12.6 141.8 4 283.5 12.6 283.5 0z\"\/>\n\t<path class=\"elementor-shape-fill\" style=\"opacity:0.33\" d=\"M0 0L0 6.4 141.8 4 283.5 6.4 283.5 0z\"\/>\n\t<path class=\"elementor-shape-fill\" d=\"M0 0L0 1.2 141.8 4 283.5 1.2 283.5 0z\"\/>\n<\/svg>\t\t<\/div>\n\t\t\t\t<div class=\"elementor-shape elementor-shape-bottom\" aria-hidden=\"true\" data-negative=\"false\">\n\t\t\t<svg xmlns=\"http:\/\/www.w3.org\/2000\/svg\" viewbox=\"0 0 1000 100\" preserveaspectratio=\"none\">\n\t<path class=\"elementor-shape-fill\" d=\"M761.9,44.1L643.1,27.2L333.8,98L0,3.8V0l1000,0v3.9\"\/>\n<\/svg>\t\t<\/div>\n\t\t\t\t\t<div class=\"elementor-container elementor-column-gap-default\">\n\t\t\t\t\t<div class=\"elementor-column elementor-col-50 elementor-top-column elementor-element elementor-element-636c55c\" data-id=\"636c55c\" data-element_type=\"column\" data-e-type=\"column\">\n\t\t\t<div class=\"elementor-widget-wrap elementor-element-populated\">\n\t\t\t\t\t\t<div class=\"elementor-element elementor-element-374f896 elementor-widget elementor-widget-image\" data-id=\"374f896\" data-element_type=\"widget\" data-e-type=\"widget\" data-widget_type=\"image.default\">\n\t\t\t\t<div class=\"elementor-widget-container\">\n\t\t\t\t\t\t\t\t\t\t\t\t\t\t\t<img fetchpriority=\"high\" decoding=\"async\" width=\"800\" height=\"400\" src=\"https:\/\/geafe.com\/wp-content\/uploads\/2022\/12\/servicios-img1-1.jpg\" class=\"attachment-full size-full wp-image-5036\" alt=\"\" srcset=\"https:\/\/geafe.com\/wp-content\/uploads\/2022\/12\/servicios-img1-1.jpg 800w, https:\/\/geafe.com\/wp-content\/uploads\/2022\/12\/servicios-img1-1-300x150.jpg 300w, https:\/\/geafe.com\/wp-content\/uploads\/2022\/12\/servicios-img1-1-768x384.jpg 768w\" sizes=\"(max-width: 800px) 100vw, 800px\" \/>\t\t\t\t\t\t\t\t\t\t\t\t\t\t\t<\/div>\n\t\t\t\t<\/div>\n\t\t\t\t<div class=\"elementor-element elementor-element-129e495 elementor-widget elementor-widget-spacer\" data-id=\"129e495\" data-element_type=\"widget\" data-e-type=\"widget\" data-widget_type=\"spacer.default\">\n\t\t\t\t<div class=\"elementor-widget-container\">\n\t\t\t\t\t\t\t<div class=\"elementor-spacer\">\n\t\t\t<div class=\"elementor-spacer-inner\"><\/div>\n\t\t<\/div>\n\t\t\t\t\t\t<\/div>\n\t\t\t\t<\/div>\n\t\t\t\t<div class=\"elementor-element elementor-element-b1ba862 elementor-widget elementor-widget-image\" data-id=\"b1ba862\" data-element_type=\"widget\" data-e-type=\"widget\" data-widget_type=\"image.default\">\n\t\t\t\t<div class=\"elementor-widget-container\">\n\t\t\t\t\t\t\t\t\t\t\t\t\t\t\t<img decoding=\"async\" width=\"800\" height=\"400\" src=\"https:\/\/geafe.com\/wp-content\/uploads\/2022\/12\/servicios-img2.jpg\" class=\"attachment-full size-full wp-image-5037\" alt=\"\" srcset=\"https:\/\/geafe.com\/wp-content\/uploads\/2022\/12\/servicios-img2.jpg 800w, https:\/\/geafe.com\/wp-content\/uploads\/2022\/12\/servicios-img2-300x150.jpg 300w, https:\/\/geafe.com\/wp-content\/uploads\/2022\/12\/servicios-img2-768x384.jpg 768w\" sizes=\"(max-width: 800px) 100vw, 800px\" \/>\t\t\t\t\t\t\t\t\t\t\t\t\t\t\t<\/div>\n\t\t\t\t<\/div>\n\t\t\t\t<div class=\"elementor-element elementor-element-25b987f elementor-widget elementor-widget-spacer\" data-id=\"25b987f\" data-element_type=\"widget\" data-e-type=\"widget\" data-widget_type=\"spacer.default\">\n\t\t\t\t<div class=\"elementor-widget-container\">\n\t\t\t\t\t\t\t<div class=\"elementor-spacer\">\n\t\t\t<div class=\"elementor-spacer-inner\"><\/div>\n\t\t<\/div>\n\t\t\t\t\t\t<\/div>\n\t\t\t\t<\/div>\n\t\t\t\t<div class=\"elementor-element elementor-element-95a84aa elementor-widget elementor-widget-image\" data-id=\"95a84aa\" data-element_type=\"widget\" data-e-type=\"widget\" data-widget_type=\"image.default\">\n\t\t\t\t<div class=\"elementor-widget-container\">\n\t\t\t\t\t\t\t\t\t\t\t\t\t\t\t<img decoding=\"async\" width=\"800\" height=\"400\" src=\"https:\/\/geafe.com\/wp-content\/uploads\/2022\/12\/servicios-img3.jpg\" class=\"attachment-full size-full wp-image-5038\" alt=\"\" srcset=\"https:\/\/geafe.com\/wp-content\/uploads\/2022\/12\/servicios-img3.jpg 800w, https:\/\/geafe.com\/wp-content\/uploads\/2022\/12\/servicios-img3-300x150.jpg 300w, https:\/\/geafe.com\/wp-content\/uploads\/2022\/12\/servicios-img3-768x384.jpg 768w\" sizes=\"(max-width: 800px) 100vw, 800px\" \/>\t\t\t\t\t\t\t\t\t\t\t\t\t\t\t<\/div>\n\t\t\t\t<\/div>\n\t\t\t\t\t<\/div>\n\t\t<\/div>\n\t\t\t\t<div class=\"elementor-column elementor-col-50 elementor-top-column elementor-element elementor-element-e8743d7\" data-id=\"e8743d7\" data-element_type=\"column\" data-e-type=\"column\">\n\t\t\t<div class=\"elementor-widget-wrap elementor-element-populated\">\n\t\t\t\t\t\t<div class=\"elementor-element elementor-element-f859044 elementor-widget elementor-widget-text-editor\" data-id=\"f859044\" data-element_type=\"widget\" data-e-type=\"widget\" data-widget_type=\"text-editor.default\">\n\t\t\t\t<div class=\"elementor-widget-container\">\n\t\t\t\t\t\t\t\t\t<p>Fruto de nuestra experiencia, hemos podido comprobar que el ayuntamiento necesita, en ocasiones, soluciones completas. Con las ganas de ofrecer el m\u00e1ximo servicio a nuestros clientes, con una estrategia clara de especializaci\u00f3n:<\/p><p><b>Dise\u00f1o\u00a0<\/b><\/p><p>El Grupo Global Geafe Esports asesoramos desde el principio del proyecto, para que el dise\u00f1o de las instalaciones sea la m\u00e1s adecuada para la ejecuci\u00f3n del programa de actividades que mejor se adapten a las necesidades de los usuarios.<\/p><p><b>Construcci\u00f3n<\/b><\/p><p>Nosotros contamos con, los medios t\u00e9cnicos y la experiencia necesaria, avalada por la satisfacci\u00f3n de numerosos clientes p\u00fablicos, para construir instalaciones de cualquier tama\u00f1o.<\/p><p>Realizamos un estudio detallado de la demanda, el cual permite dise\u00f1ar un programa de necesidades adecuado por y para cada tipo de municipio y, en base a esto, nuestro equipo directivo determina el equipamiento deportivo adecuado.<\/p><p><b>Gesti\u00f3n y explotaci\u00f3n<\/b><\/p><p>Miles de usuarios acuden a las instalaciones que actualmente gestionamos.<br \/>Ofrecemos servicios flexibles y de calidad, adaptados a todas las edades y exigencias, gracias a un equipo responsable, formado, din\u00e1mico y altamente especializado.<\/p><p>El bienestar es un derecho que tiene que estar al alcance de todos, \u00fanicamente no dise\u00f1amos instalaciones deportivas, sino aut\u00e9nticos centros de bienestar que permiten al usuario a mejorar su calidad de vida.<\/p><p>Por \u00e9ste motivo, nuestro principal objetivo es optimizar la seguridad de las instalaciones, incrementando la sensaci\u00f3n de bienestar que perciben los usuarios en cada momento, y hacer que \u00e9stos entren en las instalaciones cada d\u00eda.<\/p><p>Para cumplir este objetivo, cada d\u00eda llevamos a cabo:<\/p><ul><li>Una mejora continua en todos los procesos.<\/li><li>Una alta calidad en todos los servicios que ofrecemos.<\/li><li>Una gesti\u00f3n transparente basada en la satisfacci\u00f3n del cliente, y una especial atenci\u00f3n del mismo.<\/li><li>Una innovaci\u00f3n permanente en servicios, procesos, equipamientos y tecnolog\u00eda.<\/li><li>Un cumplimiento de nuestros compromisos.<\/li><\/ul>\t\t\t\t\t\t\t\t<\/div>\n\t\t\t\t<\/div>\n\t\t\t\t\t<\/div>\n\t\t<\/div>\n\t\t\t\t\t<\/div>\n\t\t<\/section>\n\t\t\t\t<\/div>","protected":false},"excerpt":{"rendered":"<p>Servicios Fruto de nuestra experiencia, hemos podido comprobar que el ayuntamiento necesita, en ocasiones, soluciones completas. Con las ganas de ofrecer el m\u00e1ximo servicio a nuestros clientes, con una estrategia clara de especializaci\u00f3n: Dise\u00f1o\u00a0 El Grupo Global Geafe Esports asesoramos desde el principio del proyecto, para que el dise\u00f1o de las instalaciones sea la m\u00e1s &#8230; <a title=\"Servicios\" class=\"read-more\" href=\"https:\/\/geafe.com\/ca\/servicios\/\" aria-label=\"More on Servicios\">Read more<\/a><\/p>","protected":false},"author":1,"featured_media":0,"parent":0,"menu_order":0,"comment_status":"closed","ping_status":"closed","template":"","meta":{"footnotes":""},"class_list":["post-4960","page","type-page","status-publish"],"_links":{"self":[{"href":"https:\/\/geafe.com\/ca\/wp-json\/wp\/v2\/pages\/4960","targetHints":{"allow":["GET"]}}],"collection":[{"href":"https:\/\/geafe.com\/ca\/wp-json\/wp\/v2\/pages"}],"about":[{"href":"https:\/\/geafe.com\/ca\/wp-json\/wp\/v2\/types\/page"}],"author":[{"embeddable":true,"href":"https:\/\/geafe.com\/ca\/wp-json\/wp\/v2\/users\/1"}],"replies":[{"embeddable":true,"href":"https:\/\/geafe.com\/ca\/wp-json\/wp\/v2\/comments?post=4960"}],"version-history":[{"count":19,"href":"https:\/\/geafe.com\/ca\/wp-json\/wp\/v2\/pages\/4960\/revisions"}],"predecessor-version":[{"id":5379,"href":"https:\/\/geafe.com\/ca\/wp-json\/wp\/v2\/pages\/4960\/revisions\/5379"}],"wp:attachment":[{"href":"https:\/\/geafe.com\/ca\/wp-json\/wp\/v2\/media?parent=4960"}],"curies":[{"name":"wp","href":"https:\/\/api.w.org\/{rel}","templated":true}]}}