{"id":5387,"date":"2022-12-27T08:52:39","date_gmt":"2022-12-27T08:52:39","guid":{"rendered":"https:\/\/geafe.gpasoft.com\/?page_id=5387"},"modified":"2022-12-27T09:28:04","modified_gmt":"2022-12-27T09:28:04","slug":"politica","status":"publish","type":"page","link":"https:\/\/geafe.com\/ca\/politica\/","title":{"rendered":"Pol\u00edtica"},"content":{"rendered":"<div data-elementor-type=\"wp-page\" data-elementor-id=\"5387\" class=\"elementor elementor-5387\" data-elementor-post-type=\"page\">\n\t\t\t\t\t\t<section class=\"elementor-section elementor-top-section elementor-element elementor-element-6428a65 elementor-section-boxed elementor-section-height-default elementor-section-height-default\" data-id=\"6428a65\" data-element_type=\"section\" data-e-type=\"section\">\n\t\t\t\t\t\t<div class=\"elementor-container elementor-column-gap-default\">\n\t\t\t\t\t<div class=\"elementor-column elementor-col-100 elementor-top-column elementor-element elementor-element-161055b\" data-id=\"161055b\" data-element_type=\"column\" data-e-type=\"column\">\n\t\t\t<div class=\"elementor-widget-wrap elementor-element-populated\">\n\t\t\t\t\t\t<div class=\"elementor-element elementor-element-97c8c1c elementor-widget elementor-widget-heading\" data-id=\"97c8c1c\" data-element_type=\"widget\" data-e-type=\"widget\" data-widget_type=\"heading.default\">\n\t\t\t\t<div class=\"elementor-widget-container\">\n\t\t\t\t\t<h1 class=\"elementor-heading-title elementor-size-default\">Pol\u00edtica<\/h1>\t\t\t\t<\/div>\n\t\t\t\t<\/div>\n\t\t\t\t\t<\/div>\n\t\t<\/div>\n\t\t\t\t\t<\/div>\n\t\t<\/section>\n\t\t\t\t<section class=\"elementor-section elementor-top-section elementor-element elementor-element-86ad1d3 elementor-section-boxed elementor-section-height-default elementor-section-height-default\" data-id=\"86ad1d3\" data-element_type=\"section\" data-e-type=\"section\" data-settings=\"{&quot;shape_divider_top&quot;:&quot;mountains&quot;,&quot;shape_divider_bottom&quot;:&quot;pyramids&quot;,&quot;background_background&quot;:&quot;classic&quot;}\">\n\t\t\t\t\t\t\t<div class=\"elementor-background-overlay\"><\/div>\n\t\t\t\t\t\t<div class=\"elementor-shape elementor-shape-top\" aria-hidden=\"true\" data-negative=\"false\">\n\t\t\t<svg xmlns=\"http:\/\/www.w3.org\/2000\/svg\" viewbox=\"0 0 1000 100\" preserveaspectratio=\"none\">\n\t<path class=\"elementor-shape-fill\" opacity=\"0.33\" d=\"M473,67.3c-203.9,88.3-263.1-34-320.3,0C66,119.1,0,59.7,0,59.7V0h1000v59.7 c0,0-62.1,26.1-94.9,29.3c-32.8,3.3-62.8-12.3-75.8-22.1C806,49.6,745.3,8.7,694.9,4.7S492.4,59,473,67.3z\"\/>\n\t<path class=\"elementor-shape-fill\" opacity=\"0.66\" d=\"M734,67.3c-45.5,0-77.2-23.2-129.1-39.1c-28.6-8.7-150.3-10.1-254,39.1 s-91.7-34.4-149.2,0C115.7,118.3,0,39.8,0,39.8V0h1000v36.5c0,0-28.2-18.5-92.1-18.5C810.2,18.1,775.7,67.3,734,67.3z\"\/>\n\t<path class=\"elementor-shape-fill\" d=\"M766.1,28.9c-200-57.5-266,65.5-395.1,19.5C242,1.8,242,5.4,184.8,20.6C128,35.8,132.3,44.9,89.9,52.5C28.6,63.7,0,0,0,0 h1000c0,0-9.9,40.9-83.6,48.1S829.6,47,766.1,28.9z\"\/>\n<\/svg>\t\t<\/div>\n\t\t\t\t<div class=\"elementor-shape elementor-shape-bottom\" aria-hidden=\"true\" data-negative=\"false\">\n\t\t\t<svg xmlns=\"http:\/\/www.w3.org\/2000\/svg\" viewbox=\"0 0 1000 100\" preserveaspectratio=\"none\">\n\t<path class=\"elementor-shape-fill\" d=\"M761.9,44.1L643.1,27.2L333.8,98L0,3.8V0l1000,0v3.9\"\/>\n<\/svg>\t\t<\/div>\n\t\t\t\t\t<div class=\"elementor-container elementor-column-gap-default\">\n\t\t\t\t\t<div class=\"elementor-column elementor-col-50 elementor-top-column elementor-element elementor-element-364e647\" data-id=\"364e647\" data-element_type=\"column\" data-e-type=\"column\">\n\t\t\t<div class=\"elementor-widget-wrap elementor-element-populated\">\n\t\t\t\t\t\t<div class=\"elementor-element elementor-element-74cf5fe elementor-widget elementor-widget-text-editor\" data-id=\"74cf5fe\" data-element_type=\"widget\" data-e-type=\"widget\" data-widget_type=\"text-editor.default\">\n\t\t\t\t<div class=\"elementor-widget-container\">\n\t\t\t\t\t\t\t\t\t<p style=\"text-align: left;\">Con la finalidad de establecer un marco de actuaci\u00f3n a nuestro compromiso de Calidad, Prevenci\u00f3n Laboral y Medio Ambiente, hemos definido una Pol\u00edtica adecuada a nuestros prop\u00f3sitos y basada en el compromiso de cumplir con los requisitos y de mejorar continuadamente la eficacia del Sistema de Gesti\u00f3n. Esta Pol\u00edtica es la siguiente:<\/p><p>La Filosof\u00eda y Pol\u00edtica integrada de Calidad, Prevenci\u00f3n Laboral y Medio Ambiente de GEAFE se fundamenta:<\/p><ul><li>En la plena satisfacci\u00f3n de nuestros dientes.<\/li><li>En la prevenci\u00f3n de dalos, deterioro de la salud y la seguridad de nuestros trabajadores, usuarios, personas implicadas con la empresa e instalaciones.<\/li><li>En el cumplimiento con todos los requerimientos legales y reglamentarios as\u00ed como aqu\u00e9llos que GEAFE asume en aspectos medioambientales y de PRL.<\/li><li>En la realizaci\u00f3n de una actividad respetuosa con el medio ambiente, intentando minimizar el impacto sobre nuestro entorno.<\/li><li>En el compromiso de mejorar continuamente la eficacia del sistema de gesti\u00f3n.<\/li><\/ul>\t\t\t\t\t\t\t\t<\/div>\n\t\t\t\t<\/div>\n\t\t\t\t\t<\/div>\n\t\t<\/div>\n\t\t\t\t<div class=\"elementor-column elementor-col-50 elementor-top-column elementor-element elementor-element-1094551\" data-id=\"1094551\" data-element_type=\"column\" data-e-type=\"column\">\n\t\t\t<div class=\"elementor-widget-wrap elementor-element-populated\">\n\t\t\t\t\t\t<div class=\"elementor-element elementor-element-199b38b elementor-widget elementor-widget-image\" data-id=\"199b38b\" data-element_type=\"widget\" data-e-type=\"widget\" data-widget_type=\"image.default\">\n\t\t\t\t<div class=\"elementor-widget-container\">\n\t\t\t\t\t\t\t\t\t\t\t\t\t\t\t<img fetchpriority=\"high\" decoding=\"async\" width=\"800\" height=\"533\" src=\"https:\/\/geafe.com\/wp-content\/uploads\/2022\/12\/politica-img1.jpg\" class=\"attachment-full size-full wp-image-5398\" alt=\"\" srcset=\"https:\/\/geafe.com\/wp-content\/uploads\/2022\/12\/politica-img1.jpg 800w, https:\/\/geafe.com\/wp-content\/uploads\/2022\/12\/politica-img1-300x200.jpg 300w, https:\/\/geafe.com\/wp-content\/uploads\/2022\/12\/politica-img1-768x512.jpg 768w\" sizes=\"(max-width: 800px) 100vw, 800px\" \/>\t\t\t\t\t\t\t\t\t\t\t\t\t\t\t<\/div>\n\t\t\t\t<\/div>\n\t\t\t\t\t<\/div>\n\t\t<\/div>\n\t\t\t\t\t<\/div>\n\t\t<\/section>\n\t\t\t\t<section class=\"elementor-section elementor-top-section elementor-element elementor-element-5aeb473 elementor-section-boxed elementor-section-height-default elementor-section-height-default\" data-id=\"5aeb473\" data-element_type=\"section\" data-e-type=\"section\" data-settings=\"{&quot;shape_divider_top&quot;:&quot;mountains&quot;,&quot;shape_divider_bottom&quot;:&quot;pyramids&quot;,&quot;background_background&quot;:&quot;classic&quot;}\">\n\t\t\t\t\t\t\t<div class=\"elementor-background-overlay\"><\/div>\n\t\t\t\t\t\t<div class=\"elementor-shape elementor-shape-top\" aria-hidden=\"true\" data-negative=\"false\">\n\t\t\t<svg xmlns=\"http:\/\/www.w3.org\/2000\/svg\" viewbox=\"0 0 1000 100\" preserveaspectratio=\"none\">\n\t<path class=\"elementor-shape-fill\" opacity=\"0.33\" d=\"M473,67.3c-203.9,88.3-263.1-34-320.3,0C66,119.1,0,59.7,0,59.7V0h1000v59.7 c0,0-62.1,26.1-94.9,29.3c-32.8,3.3-62.8-12.3-75.8-22.1C806,49.6,745.3,8.7,694.9,4.7S492.4,59,473,67.3z\"\/>\n\t<path class=\"elementor-shape-fill\" opacity=\"0.66\" d=\"M734,67.3c-45.5,0-77.2-23.2-129.1-39.1c-28.6-8.7-150.3-10.1-254,39.1 s-91.7-34.4-149.2,0C115.7,118.3,0,39.8,0,39.8V0h1000v36.5c0,0-28.2-18.5-92.1-18.5C810.2,18.1,775.7,67.3,734,67.3z\"\/>\n\t<path class=\"elementor-shape-fill\" d=\"M766.1,28.9c-200-57.5-266,65.5-395.1,19.5C242,1.8,242,5.4,184.8,20.6C128,35.8,132.3,44.9,89.9,52.5C28.6,63.7,0,0,0,0 h1000c0,0-9.9,40.9-83.6,48.1S829.6,47,766.1,28.9z\"\/>\n<\/svg>\t\t<\/div>\n\t\t\t\t<div class=\"elementor-shape elementor-shape-bottom\" aria-hidden=\"true\" data-negative=\"false\">\n\t\t\t<svg xmlns=\"http:\/\/www.w3.org\/2000\/svg\" viewbox=\"0 0 1000 100\" preserveaspectratio=\"none\">\n\t<path class=\"elementor-shape-fill\" d=\"M761.9,44.1L643.1,27.2L333.8,98L0,3.8V0l1000,0v3.9\"\/>\n<\/svg>\t\t<\/div>\n\t\t\t\t\t<div class=\"elementor-container elementor-column-gap-default\">\n\t\t\t\t\t<div class=\"elementor-column elementor-col-100 elementor-top-column elementor-element elementor-element-70fbaec\" data-id=\"70fbaec\" data-element_type=\"column\" data-e-type=\"column\">\n\t\t\t<div class=\"elementor-widget-wrap elementor-element-populated\">\n\t\t\t\t\t\t<div class=\"elementor-element elementor-element-5647f6f elementor-widget elementor-widget-text-editor\" data-id=\"5647f6f\" data-element_type=\"widget\" data-e-type=\"widget\" data-widget_type=\"text-editor.default\">\n\t\t\t\t<div class=\"elementor-widget-container\">\n\t\t\t\t\t\t\t\t\t<p>GEAFE reconoce una Pol\u00edtica integrada de Calidad, Prevenci\u00f3n Laboral y Medio Ambiente eficaz. Tenemos implantado un Sistema Integrado de Gesti\u00f3n con el prop\u00f3sito de cumplir con todos los requisitos establecidos por la Norma UNE-EN-50 9001:2000, la OSHAS 18001:2007 y la ISO 14001:2004 y de acuerdo con las normativas legales. Las exigencias y pr\u00e1cticas contenidas en el Manual Integrado de Gesti\u00f3n son de obligado cumplimiento para todos los servicios ofrecidos por GEAFE as\u00ed como para todos los trabajadores.<\/p><p>Gerencia transmite a todos los componentes de la empresa, dientes (ayuntamientos Y Y Proveedores nuestra posici\u00f3n en materia de Calidad, Medioambiente y PRI. mediante la aprobaci\u00f3n y difusi\u00f3n de esta POL\u00cdTICA INTEGRADA DE CALIDAD, PREVENCI\u00d3N DE RIESGOS LABORALES I MEDIO AMBIENTE, que tiene como principios:<\/p><ul><li>Gestionamos un servicio p\u00fablico municipal con recursos personales y materiales bajo la titularidad de la Administraci\u00f3n P\u00fablica regulado por un r\u00e9gimen jur\u00eddico especial, ofreciendo un servicio de calidad cumpliendo las normativas legales existentes y buscando a un modelo de gesti\u00f3n eficiente.<\/li><li>Garantizamos siempre la presencia de buenos profesionales, titulados, que ir\u00e1n debidamente identificados y estar\u00e1n a la disposici\u00f3n del usuario para atenderlo en cualquier cuesti\u00f3n y ofrecerle un trato cordial y respetuoso, y formados de acuerdo con las necesidades del servicio. Cuidaremos con especial inter\u00e9s, partiendo de una filosof\u00eda que invita al trabajo en equipo y a escuchar las aportaciones e ideas de cada miembro de la\u00a0organizaci\u00f3n, haci\u00e9ndoles crecer con nosotros.<\/li><li>La oferta de servicios y actividades deportivas ser\u00e1 actual, respondiendo plenamente a los intereses de la mayor\u00eda de los usuarios, y disponiendo de unas programaciones adecuadas que buscan principalmente la salud y la seguridad de los usuarios.<\/li><li>Todos los espacios deportivos y complementarios cumplen con los requerimientos legales de confort y seguridad, intentando que tengan el menor impacto posible sobre el medio ambiente y en condiciones de seguridad y salud adecuadas seg\u00fan la legislaci\u00f3n aplicable, acondicionados y previstos de material de calidad media\/alta, en cantidad suficiente y siempre en buenas condiciones.<\/li><li>Los elementos constructivos y las instalaciones t\u00e9cnicas disponen de un plan de mantenimiento y conservaci\u00f3n que cumple las normativas legales y que asegura un funcionamiento continuado de las instalaciones con el mejor rendimiento energ\u00e9tico posible, conservando permanentemente la seguridad de las personas, del edificio y la defensa del medio ambiente mediante un consumo de energ\u00eda y agua responsable, gestionando y reciclando correctamente todos los residuos generados y asegurando de no contaminar nuestro entorno.<\/li><li>Diariamente hacemos una limpieza y desinfecci\u00f3n de todos los espacios utilizando m\u00e9todos eficaces y productos aprobados por organismos oficiales, todo eso complementado con tratamientos espec\u00edficos de desinfecci\u00f3n, desratizaci\u00f3n y\u00a0desinsectaci\u00f3n, y mediante anal\u00edticas peri\u00f3dicas de superficies comprobamos la eficacia de nuestro plan de limpieza y desinfecci\u00f3n.<\/li><li>Establecemos los medios de comunicaci\u00f3n necesarios para mantener informado al usuario de los servicios de la instalaci\u00f3n y\/o de cualquier modificaci\u00f3n de \u00e9stos, as\u00ed corno para conocer el grado de satisfacci\u00f3n y atender adecuadamente las sugerencias.<\/li><\/ul><p>Informamos y formamos a los trabajadores y personas implicadas sobre los riesgos inherentes a su trabajo, de los medios y las medidas a adoptar para su prevenci\u00f3n y los instamos a la colaboraci\u00f3n en la gesti\u00f3n sostenible de nuestras instalaciones.<\/p><p>Ramon Valero Guerrero Gerente de GEAFE<\/p><p><img decoding=\"async\" class=\"size-full wp-image-5396 alignnone\" src=\"https:\/\/geafe.com\/wp-content\/uploads\/2022\/12\/firma-ramon.jpg\" alt=\"\" width=\"95\" height=\"84\" \/><\/p>\t\t\t\t\t\t\t\t<\/div>\n\t\t\t\t<\/div>\n\t\t\t\t\t<\/div>\n\t\t<\/div>\n\t\t\t\t\t<\/div>\n\t\t<\/section>\n\t\t<div class=\"elementor-element elementor-element-f6d988e e-flex e-con-boxed e-con e-parent\" data-id=\"f6d988e\" data-element_type=\"container\" data-e-type=\"container\">\n\t\t\t\t\t<div class=\"e-con-inner\">\n\t\t\t\t\t<\/div>\n\t\t\t\t<\/div>\n\t\t\t\t<\/div>","protected":false},"excerpt":{"rendered":"<p>Pol\u00edtica Con la finalidad de establecer un marco de actuaci\u00f3n a nuestro compromiso de Calidad, Prevenci\u00f3n Laboral y Medio Ambiente, hemos definido una Pol\u00edtica adecuada a nuestros prop\u00f3sitos y basada en el compromiso de cumplir con los requisitos y de mejorar continuadamente la eficacia del Sistema de Gesti\u00f3n. Esta Pol\u00edtica es la siguiente: La Filosof\u00eda &#8230; <a title=\"Pol\u00edtica\" class=\"read-more\" href=\"https:\/\/geafe.com\/ca\/politica\/\" aria-label=\"More on Pol\u00edtica\">Read more<\/a><\/p>","protected":false},"author":1,"featured_media":0,"parent":0,"menu_order":0,"comment_status":"closed","ping_status":"closed","template":"","meta":{"footnotes":""},"class_list":["post-5387","page","type-page","status-publish"],"_links":{"self":[{"href":"https:\/\/geafe.com\/ca\/wp-json\/wp\/v2\/pages\/5387","targetHints":{"allow":["GET"]}}],"collection":[{"href":"https:\/\/geafe.com\/ca\/wp-json\/wp\/v2\/pages"}],"about":[{"href":"https:\/\/geafe.com\/ca\/wp-json\/wp\/v2\/types\/page"}],"author":[{"embeddable":true,"href":"https:\/\/geafe.com\/ca\/wp-json\/wp\/v2\/users\/1"}],"replies":[{"embeddable":true,"href":"https:\/\/geafe.com\/ca\/wp-json\/wp\/v2\/comments?post=5387"}],"version-history":[{"count":16,"href":"https:\/\/geafe.com\/ca\/wp-json\/wp\/v2\/pages\/5387\/revisions"}],"predecessor-version":[{"id":5408,"href":"https:\/\/geafe.com\/ca\/wp-json\/wp\/v2\/pages\/5387\/revisions\/5408"}],"wp:attachment":[{"href":"https:\/\/geafe.com\/ca\/wp-json\/wp\/v2\/media?parent=5387"}],"curies":[{"name":"wp","href":"https:\/\/api.w.org\/{rel}","templated":true}]}}