{"id":5409,"date":"2022-12-27T10:10:50","date_gmt":"2022-12-27T10:10:50","guid":{"rendered":"https:\/\/geafe.gpasoft.com\/?page_id=5409"},"modified":"2024-03-01T10:53:47","modified_gmt":"2024-03-01T10:53:47","slug":"reconocimientos-y-homologaciones","status":"publish","type":"page","link":"https:\/\/geafe.com\/ca\/reconocimientos-y-homologaciones\/","title":{"rendered":"Reconocimientos y homologaciones"},"content":{"rendered":"<div data-elementor-type=\"wp-page\" data-elementor-id=\"5409\" class=\"elementor elementor-5409\" data-elementor-post-type=\"page\">\n\t\t\t\t\t\t<section class=\"elementor-section elementor-top-section elementor-element elementor-element-e380e1d elementor-section-boxed elementor-section-height-default elementor-section-height-default\" data-id=\"e380e1d\" data-element_type=\"section\" data-e-type=\"section\">\n\t\t\t\t\t\t<div class=\"elementor-container elementor-column-gap-default\">\n\t\t\t\t\t<div class=\"elementor-column elementor-col-100 elementor-top-column elementor-element elementor-element-864ea16\" data-id=\"864ea16\" data-element_type=\"column\" data-e-type=\"column\">\n\t\t\t<div class=\"elementor-widget-wrap elementor-element-populated\">\n\t\t\t\t\t\t<div class=\"elementor-element elementor-element-f3e2332 elementor-widget elementor-widget-heading\" data-id=\"f3e2332\" data-element_type=\"widget\" data-e-type=\"widget\" data-widget_type=\"heading.default\">\n\t\t\t\t<div class=\"elementor-widget-container\">\n\t\t\t\t\t<h1 class=\"elementor-heading-title elementor-size-default\">Reconocimientos y homologaciones<\/h1>\t\t\t\t<\/div>\n\t\t\t\t<\/div>\n\t\t\t\t\t<\/div>\n\t\t<\/div>\n\t\t\t\t\t<\/div>\n\t\t<\/section>\n\t\t\t\t<section class=\"elementor-section elementor-top-section elementor-element elementor-element-fc6009a elementor-section-boxed elementor-section-height-default elementor-section-height-default\" data-id=\"fc6009a\" data-element_type=\"section\" data-e-type=\"section\" data-settings=\"{&quot;shape_divider_top&quot;:&quot;opacity-fan&quot;,&quot;shape_divider_bottom&quot;:&quot;pyramids&quot;}\">\n\t\t\t\t\t\t\t<div class=\"elementor-background-overlay\"><\/div>\n\t\t\t\t\t\t<div class=\"elementor-shape elementor-shape-top\" aria-hidden=\"true\" data-negative=\"false\">\n\t\t\t<svg xmlns=\"http:\/\/www.w3.org\/2000\/svg\" viewbox=\"0 0 283.5 19.6\" preserveaspectratio=\"none\">\n\t<path class=\"elementor-shape-fill\" style=\"opacity:0.33\" d=\"M0 0L0 18.8 141.8 4.1 283.5 18.8 283.5 0z\"\/>\n\t<path class=\"elementor-shape-fill\" style=\"opacity:0.33\" d=\"M0 0L0 12.6 141.8 4 283.5 12.6 283.5 0z\"\/>\n\t<path class=\"elementor-shape-fill\" style=\"opacity:0.33\" d=\"M0 0L0 6.4 141.8 4 283.5 6.4 283.5 0z\"\/>\n\t<path class=\"elementor-shape-fill\" d=\"M0 0L0 1.2 141.8 4 283.5 1.2 283.5 0z\"\/>\n<\/svg>\t\t<\/div>\n\t\t\t\t<div class=\"elementor-shape elementor-shape-bottom\" aria-hidden=\"true\" data-negative=\"false\">\n\t\t\t<svg xmlns=\"http:\/\/www.w3.org\/2000\/svg\" viewbox=\"0 0 1000 100\" preserveaspectratio=\"none\">\n\t<path class=\"elementor-shape-fill\" d=\"M761.9,44.1L643.1,27.2L333.8,98L0,3.8V0l1000,0v3.9\"\/>\n<\/svg>\t\t<\/div>\n\t\t\t\t\t<div class=\"elementor-container elementor-column-gap-default\">\n\t\t\t\t\t<div class=\"elementor-column elementor-col-50 elementor-top-column elementor-element elementor-element-3a4da63\" data-id=\"3a4da63\" data-element_type=\"column\" data-e-type=\"column\">\n\t\t\t<div class=\"elementor-widget-wrap elementor-element-populated\">\n\t\t\t\t\t\t<div class=\"elementor-element elementor-element-cac2553 elementor-widget elementor-widget-text-editor\" data-id=\"cac2553\" data-element_type=\"widget\" data-e-type=\"widget\" data-widget_type=\"text-editor.default\">\n\t\t\t\t<div class=\"elementor-widget-container\">\n\t\t\t\t\t\t\t\t\t<p>Premios Catalu\u00f1a, a la Gesti\u00f3n en el deporte Edici\u00f3n 2002.<\/p><p>Certificado Empresa m\u00e1s solvente.<\/p><p>GEAFE\u00a0ha sido reconocida por D&amp;B (Decide\u00a0with\u00a0Confidence)\u00a0como una de las m\u00e1s prestigiosas empresas espa\u00f1olas, y ha sido incluida en la Edici\u00f3n 2004 del Prestige Rating\u00a0Book.<\/p><p>Este anuario reconoce informaci\u00f3n sobre las 25.000 empresas con mejor Rating asignado por D&amp;B del a\u00f1o 2003, y que pertenecen al exclusivo grupo del de empresas m\u00e1s solventes del mercado espa\u00f1ol.<\/p><p>Premios Catalu\u00f1a a la Gesti\u00f3n en el deporte Edici\u00f3n 2005.<\/p><p>La quinta edici\u00f3n de los Premios Catalu\u00f1a a la gesti\u00f3n en el deporte reconoci\u00f3 al recinto deportivo Moncada Aqua el Premio a la gesti\u00f3n indirecta\u00bb en 2005.<\/p><p>G.E.A.F.E.,S.L. Es la primera empresa en Catalu\u00f1a que obtiene el certificado del Registro AENOR de CALIDAD de Gesti\u00f3n de Actividades deportivas. F\u00edsicas, acu\u00e1ticas y de ocio.<\/p><p>Certificado de clasificaci\u00f3n empresarial<\/p><p><img decoding=\"async\" class=\"size-full wp-image-5425 aligncenter\" src=\"https:\/\/geafe.com\/wp-content\/uploads\/2022\/12\/logo-generalitat.png\" alt=\"\" width=\"46\" height=\"51\" \/><\/p><p style=\"text-align: center;\">Generalitat de Catalunya<br \/>Departament d\u2019Economia i Finances<br \/><strong>Junta Consultiva de Contractaci\u00f3 Administrativa<\/strong><\/p>\t\t\t\t\t\t\t\t<\/div>\n\t\t\t\t<\/div>\n\t\t\t\t\t<\/div>\n\t\t<\/div>\n\t\t\t\t<div class=\"elementor-column elementor-col-50 elementor-top-column elementor-element elementor-element-c6e0ac9\" data-id=\"c6e0ac9\" data-element_type=\"column\" data-e-type=\"column\">\n\t\t\t<div class=\"elementor-widget-wrap elementor-element-populated\">\n\t\t\t\t\t\t<div class=\"elementor-element elementor-element-72bbdb8 elementor-widget elementor-widget-image\" data-id=\"72bbdb8\" data-element_type=\"widget\" data-e-type=\"widget\" data-widget_type=\"image.default\">\n\t\t\t\t<div class=\"elementor-widget-container\">\n\t\t\t\t\t\t\t\t\t\t\t\t\t\t\t<img decoding=\"async\" width=\"52\" height=\"188\" src=\"https:\/\/geafe.com\/wp-content\/uploads\/2022\/12\/premis-catalunya2002.jpg\" class=\"attachment-full size-full wp-image-5418\" alt=\"\" \/>\t\t\t\t\t\t\t\t\t\t\t\t\t\t\t<\/div>\n\t\t\t\t<\/div>\n\t\t\t\t<div class=\"elementor-element elementor-element-6c19251 elementor-widget elementor-widget-spacer\" data-id=\"6c19251\" data-element_type=\"widget\" data-e-type=\"widget\" data-widget_type=\"spacer.default\">\n\t\t\t\t<div class=\"elementor-widget-container\">\n\t\t\t\t\t\t\t<div class=\"elementor-spacer\">\n\t\t\t<div class=\"elementor-spacer-inner\"><\/div>\n\t\t<\/div>\n\t\t\t\t\t\t<\/div>\n\t\t\t\t<\/div>\n\t\t\t\t<div class=\"elementor-element elementor-element-3176ddc elementor-widget elementor-widget-image\" data-id=\"3176ddc\" data-element_type=\"widget\" data-e-type=\"widget\" data-widget_type=\"image.default\">\n\t\t\t\t<div class=\"elementor-widget-container\">\n\t\t\t\t\t\t\t\t\t\t\t\t\t\t\t<img decoding=\"async\" width=\"63\" height=\"118\" src=\"https:\/\/geafe.com\/wp-content\/uploads\/2022\/12\/aenor-er.jpg\" class=\"attachment-large size-large wp-image-5422\" alt=\"\" \/>\t\t\t\t\t\t\t\t\t\t\t\t\t\t\t<\/div>\n\t\t\t\t<\/div>\n\t\t\t\t<div class=\"elementor-element elementor-element-4a07412 elementor-widget elementor-widget-spacer\" data-id=\"4a07412\" data-element_type=\"widget\" data-e-type=\"widget\" data-widget_type=\"spacer.default\">\n\t\t\t\t<div class=\"elementor-widget-container\">\n\t\t\t\t\t\t\t<div class=\"elementor-spacer\">\n\t\t\t<div class=\"elementor-spacer-inner\"><\/div>\n\t\t<\/div>\n\t\t\t\t\t\t<\/div>\n\t\t\t\t<\/div>\n\t\t\t\t<div class=\"elementor-element elementor-element-c2fbda0 elementor-widget elementor-widget-image\" data-id=\"c2fbda0\" data-element_type=\"widget\" data-e-type=\"widget\" data-widget_type=\"image.default\">\n\t\t\t\t<div class=\"elementor-widget-container\">\n\t\t\t\t\t\t\t\t\t\t\t\t\t\t\t<img loading=\"lazy\" decoding=\"async\" width=\"67\" height=\"70\" src=\"https:\/\/geafe.com\/wp-content\/uploads\/2022\/12\/IQnet-premi.png\" class=\"attachment-large size-large wp-image-5424\" alt=\"\" \/>\t\t\t\t\t\t\t\t\t\t\t\t\t\t\t<\/div>\n\t\t\t\t<\/div>\n\t\t\t\t\t<\/div>\n\t\t<\/div>\n\t\t\t\t\t<\/div>\n\t\t<\/section>\n\t\t\t\t<\/div>","protected":false},"excerpt":{"rendered":"<p>Reconocimientos y homologaciones Premios Catalu\u00f1a, a la Gesti\u00f3n en el deporte Edici\u00f3n 2002. Certificado Empresa m\u00e1s solvente. GEAFE\u00a0ha sido reconocida por D&amp;B (Decide\u00a0with\u00a0Confidence)\u00a0como una de las m\u00e1s prestigiosas empresas espa\u00f1olas, y ha sido incluida en la Edici\u00f3n 2004 del Prestige Rating\u00a0Book. Este anuario reconoce informaci\u00f3n sobre las 25.000 empresas con mejor Rating asignado por D&amp;B &#8230; <a title=\"Reconocimientos y homologaciones\" class=\"read-more\" href=\"https:\/\/geafe.com\/ca\/reconocimientos-y-homologaciones\/\" aria-label=\"More on Reconocimientos y homologaciones\">Read more<\/a><\/p>","protected":false},"author":1,"featured_media":0,"parent":0,"menu_order":0,"comment_status":"closed","ping_status":"closed","template":"","meta":{"footnotes":""},"class_list":["post-5409","page","type-page","status-publish"],"_links":{"self":[{"href":"https:\/\/geafe.com\/ca\/wp-json\/wp\/v2\/pages\/5409","targetHints":{"allow":["GET"]}}],"collection":[{"href":"https:\/\/geafe.com\/ca\/wp-json\/wp\/v2\/pages"}],"about":[{"href":"https:\/\/geafe.com\/ca\/wp-json\/wp\/v2\/types\/page"}],"author":[{"embeddable":true,"href":"https:\/\/geafe.com\/ca\/wp-json\/wp\/v2\/users\/1"}],"replies":[{"embeddable":true,"href":"https:\/\/geafe.com\/ca\/wp-json\/wp\/v2\/comments?post=5409"}],"version-history":[{"count":22,"href":"https:\/\/geafe.com\/ca\/wp-json\/wp\/v2\/pages\/5409\/revisions"}],"predecessor-version":[{"id":5751,"href":"https:\/\/geafe.com\/ca\/wp-json\/wp\/v2\/pages\/5409\/revisions\/5751"}],"wp:attachment":[{"href":"https:\/\/geafe.com\/ca\/wp-json\/wp\/v2\/media?parent=5409"}],"curies":[{"name":"wp","href":"https:\/\/api.w.org\/{rel}","templated":true}]}}