{"id":5736,"date":"2024-02-29T13:08:40","date_gmt":"2024-02-29T13:08:40","guid":{"rendered":"https:\/\/geafe.com\/?page_id=5736"},"modified":"2024-03-04T12:11:10","modified_gmt":"2024-03-04T12:11:10","slug":"proyectos-realizados","status":"publish","type":"page","link":"https:\/\/geafe.com\/ca\/proyectos-realizados\/","title":{"rendered":"Proyectos realizados"},"content":{"rendered":"<div data-elementor-type=\"wp-page\" data-elementor-id=\"5736\" class=\"elementor elementor-5736\" data-elementor-post-type=\"page\">\n\t\t\t\t<div class=\"elementor-element elementor-element-6f45ad0 e-flex e-con-boxed e-con e-parent\" data-id=\"6f45ad0\" data-element_type=\"container\" data-e-type=\"container\">\n\t\t\t\t\t<div class=\"e-con-inner\">\n\t\t\t\t<div class=\"elementor-element elementor-element-15f5f13 elementor-widget elementor-widget-heading\" data-id=\"15f5f13\" data-element_type=\"widget\" data-e-type=\"widget\" data-widget_type=\"heading.default\">\n\t\t\t\t<div class=\"elementor-widget-container\">\n\t\t\t\t\t<h1 class=\"elementor-heading-title elementor-size-default\">Proyectos realizados<\/h1>\t\t\t\t<\/div>\n\t\t\t\t<\/div>\n\t\t\t\t\t<\/div>\n\t\t\t\t<\/div>\n\t\t\t\t<section class=\"elementor-section elementor-top-section elementor-element elementor-element-e7005d7 elementor-section-boxed elementor-section-height-default elementor-section-height-default\" data-id=\"e7005d7\" data-element_type=\"section\" data-e-type=\"section\" data-settings=\"{&quot;shape_divider_top&quot;:&quot;mountains&quot;,&quot;shape_divider_bottom&quot;:&quot;pyramids&quot;}\">\n\t\t\t\t\t\t\t<div class=\"elementor-background-overlay\"><\/div>\n\t\t\t\t\t\t<div class=\"elementor-shape elementor-shape-top\" aria-hidden=\"true\" data-negative=\"false\">\n\t\t\t<svg xmlns=\"http:\/\/www.w3.org\/2000\/svg\" viewbox=\"0 0 1000 100\" preserveaspectratio=\"none\">\n\t<path class=\"elementor-shape-fill\" opacity=\"0.33\" d=\"M473,67.3c-203.9,88.3-263.1-34-320.3,0C66,119.1,0,59.7,0,59.7V0h1000v59.7 c0,0-62.1,26.1-94.9,29.3c-32.8,3.3-62.8-12.3-75.8-22.1C806,49.6,745.3,8.7,694.9,4.7S492.4,59,473,67.3z\"\/>\n\t<path class=\"elementor-shape-fill\" opacity=\"0.66\" d=\"M734,67.3c-45.5,0-77.2-23.2-129.1-39.1c-28.6-8.7-150.3-10.1-254,39.1 s-91.7-34.4-149.2,0C115.7,118.3,0,39.8,0,39.8V0h1000v36.5c0,0-28.2-18.5-92.1-18.5C810.2,18.1,775.7,67.3,734,67.3z\"\/>\n\t<path class=\"elementor-shape-fill\" d=\"M766.1,28.9c-200-57.5-266,65.5-395.1,19.5C242,1.8,242,5.4,184.8,20.6C128,35.8,132.3,44.9,89.9,52.5C28.6,63.7,0,0,0,0 h1000c0,0-9.9,40.9-83.6,48.1S829.6,47,766.1,28.9z\"\/>\n<\/svg>\t\t<\/div>\n\t\t\t\t<div class=\"elementor-shape elementor-shape-bottom\" aria-hidden=\"true\" data-negative=\"false\">\n\t\t\t<svg xmlns=\"http:\/\/www.w3.org\/2000\/svg\" viewbox=\"0 0 1000 100\" preserveaspectratio=\"none\">\n\t<path class=\"elementor-shape-fill\" d=\"M761.9,44.1L643.1,27.2L333.8,98L0,3.8V0l1000,0v3.9\"\/>\n<\/svg>\t\t<\/div>\n\t\t\t\t\t<div class=\"elementor-container elementor-column-gap-default\">\n\t\t\t\t\t<div class=\"elementor-column elementor-col-50 elementor-top-column elementor-element elementor-element-61094c1\" data-id=\"61094c1\" data-element_type=\"column\" data-e-type=\"column\">\n\t\t\t<div class=\"elementor-widget-wrap elementor-element-populated\">\n\t\t\t\t\t\t<div class=\"elementor-element elementor-element-f1d010e elementor-widget elementor-widget-text-editor\" data-id=\"f1d010e\" data-element_type=\"widget\" data-e-type=\"widget\" data-widget_type=\"text-editor.default\">\n\t\t\t\t<div class=\"elementor-widget-container\">\n\t\t\t\t\t\t\t\t\t<p><b>GEAFE<\/b> (Gesti\u00f3n de Actividades F\u00edsicas y Deportivas) especializada en la gesti\u00f3n integral de centros y servicios deportivos, de ocio y salud, consultor\u00eda de proyectos, Servicios integrales para proyectos deportivos, arquitect\u00f3nicos y construcci\u00f3n de nuevas instalaciones,\u00a0 ha llevado a cabo a lo largo de sus\u00a0<b>m\u00e1s de <\/b><i><b>30 a\u00f1os de experiencia, <\/b>diversas<\/i><b>\u00a0concesiones<\/b>, repartidas en Catalu\u00f1a, Baleares y Madrid, que nos ha permitido ofrecer , con garant\u00edas, una <b><i>\u201csoluci\u00f3n a medida\u201d<\/i><\/b> adaptandose a las necesidades concretas de cada Ayuntamiento, en cuanto a Organizaci\u00f3n, planificaci\u00f3n, dise\u00f1o, construcci\u00f3n y gesti\u00f3n integral de sus instalaciones deportivas.<\/p><p>Desde nuestra fundaci\u00f3n, nos hemos comprometido a brindar soluciones innovadoras y de calidad, adaptadas a las necesidades espec\u00edficas de nuestros clientes.<\/p>\t\t\t\t\t\t\t\t<\/div>\n\t\t\t\t<\/div>\n\t\t\t\t<div class=\"elementor-element elementor-element-c9921ce elementor-widget elementor-widget-heading\" data-id=\"c9921ce\" data-element_type=\"widget\" data-e-type=\"widget\" data-widget_type=\"heading.default\">\n\t\t\t\t<div class=\"elementor-widget-container\">\n\t\t\t\t\t<h2 class=\"elementor-heading-title elementor-size-default\">Listado con los clientes que hemos trabajado a lo largo de m\u00e1s de 30 a\u00f1os:<\/h2>\t\t\t\t<\/div>\n\t\t\t\t<\/div>\n\t\t\t\t<div class=\"elementor-element elementor-element-4a5e3a3 elementor-widget elementor-widget-text-editor\" data-id=\"4a5e3a3\" data-element_type=\"widget\" data-e-type=\"widget\" data-widget_type=\"text-editor.default\">\n\t\t\t\t<div class=\"elementor-widget-container\">\n\t\t\t\t\t\t\t\t\t<ul><li>Ajuntament de S\u00faria<\/li><li>Ajuntament de Cardedeu<\/li><li>Ajuntament de Vacarisses<\/li><li>Ajuntament de la Llagosta<\/li><li>Ajuntament de Teulada (Alicante)<\/li><li>Ajuntament de Castellbisbal<\/li><li>Ajuntament de Sant Quirze del Vall\u00e9s<\/li><li>Ajuntament de Pallej\u00e0<\/li><li>Ajuntament de Begues<\/li><li>Ajuntament de Pont de Vilomara i Rocafort<\/li><li>Ajuntament de Capdepera\u00a0 (Islas Baleares)<\/li><\/ul>\t\t\t\t\t\t\t\t<\/div>\n\t\t\t\t<\/div>\n\t\t\t\t<div class=\"elementor-element elementor-element-3ad792e elementor-widget elementor-widget-heading\" data-id=\"3ad792e\" data-element_type=\"widget\" data-e-type=\"widget\" data-widget_type=\"heading.default\">\n\t\t\t\t<div class=\"elementor-widget-container\">\n\t\t\t\t\t<h2 class=\"elementor-heading-title elementor-size-default\">Construcci\u00f3n y gesti\u00f3n integral de instalaciones deportivas<\/h2>\t\t\t\t<\/div>\n\t\t\t\t<\/div>\n\t\t\t\t<div class=\"elementor-element elementor-element-bd5a559 elementor-widget elementor-widget-text-editor\" data-id=\"bd5a559\" data-element_type=\"widget\" data-e-type=\"widget\" data-widget_type=\"text-editor.default\">\n\t\t\t\t<div class=\"elementor-widget-container\">\n\t\t\t\t\t\t\t\t\t<ul>\n \t<li>Complejo deportivo municipal de l&#8217;Escala Gerona)<\/li>\n \t<li>Piscina municipal de Llucmajor (Baleares)<\/span><\/li>\n<\/ul>\t\t\t\t\t\t\t\t<\/div>\n\t\t\t\t<\/div>\n\t\t\t\t<div class=\"elementor-element elementor-element-06be71a elementor-widget elementor-widget-heading\" data-id=\"06be71a\" data-element_type=\"widget\" data-e-type=\"widget\" data-widget_type=\"heading.default\">\n\t\t\t\t<div class=\"elementor-widget-container\">\n\t\t\t\t\t<h2 class=\"elementor-heading-title elementor-size-default\">Gesti\u00f3n integral de instalaciones deportivas<\/h2>\t\t\t\t<\/div>\n\t\t\t\t<\/div>\n\t\t\t\t<div class=\"elementor-element elementor-element-d20cb69 elementor-widget elementor-widget-text-editor\" data-id=\"d20cb69\" data-element_type=\"widget\" data-e-type=\"widget\" data-widget_type=\"text-editor.default\">\n\t\t\t\t<div class=\"elementor-widget-container\">\n\t\t\t\t\t\t\t\t\t<ul><li class=\"Estilo1\">Polideportivo L\u2019olivera de Sant Boi de Llobregat (Barcelona)<\/li><li class=\"Estilo1\">Piscina municipal de Vilassar de Mar (Barcelona)<\/li><li class=\"Estilo1\">Montcada Aqua &#8211; Montcada i Reixac (Barcelona)<\/li><li class=\"Estilo1\">Piscina municipal de Begues (Barcelona)<\/li><li class=\"Estilo1\">Piscina municipal de Pallej\u00e0 (Barcelona)<\/li><li class=\"Estilo1\">Complejo deportivo \u201cEl Tur\u00f3\u201d \u2013 La Llagosta (Barcelona)<\/li><li class=\"Estilo1\">Piscina municipal d\u2019Alcudia (Baleares)<\/li><li class=\"Estilo1\">Piscina municipal de Capdepera (Baleares)<\/li><li class=\"Estilo1\">Piscina municipal de Santa Margarida (Baleares)<\/li><li class=\"Estilo1\">Piscina municipal de Campos (Baleares)<\/li><li class=\"Estilo1\">Complejo deportivo municipal El Molar (Madrid)<\/li><li class=\"Estilo1\">Complejo deportivo Prado Real (Soto del Real \u2013 Madrid)<\/li><\/ul>\t\t\t\t\t\t\t\t<\/div>\n\t\t\t\t<\/div>\n\t\t\t\t\t<\/div>\n\t\t<\/div>\n\t\t\t\t<div class=\"elementor-column elementor-col-50 elementor-top-column elementor-element elementor-element-a054bae\" data-id=\"a054bae\" data-element_type=\"column\" data-e-type=\"column\">\n\t\t\t<div class=\"elementor-widget-wrap elementor-element-populated\">\n\t\t\t\t\t\t<div class=\"elementor-element elementor-element-e2d93f9 elementor-widget elementor-widget-image\" data-id=\"e2d93f9\" data-element_type=\"widget\" data-e-type=\"widget\" data-widget_type=\"image.default\">\n\t\t\t\t<div class=\"elementor-widget-container\">\n\t\t\t\t\t\t\t\t\t\t\t\t\t\t\t<img fetchpriority=\"high\" decoding=\"async\" width=\"1024\" height=\"629\" src=\"https:\/\/geafe.com\/wp-content\/uploads\/2024\/03\/agreement-arms-business-1081228-1024x629.jpg\" class=\"attachment-large size-large wp-image-5780\" alt=\"\" srcset=\"https:\/\/geafe.com\/wp-content\/uploads\/2024\/03\/agreement-arms-business-1081228-1024x629.jpg 1024w, https:\/\/geafe.com\/wp-content\/uploads\/2024\/03\/agreement-arms-business-1081228-300x184.jpg 300w, https:\/\/geafe.com\/wp-content\/uploads\/2024\/03\/agreement-arms-business-1081228-768x472.jpg 768w, https:\/\/geafe.com\/wp-content\/uploads\/2024\/03\/agreement-arms-business-1081228-1536x944.jpg 1536w, https:\/\/geafe.com\/wp-content\/uploads\/2024\/03\/agreement-arms-business-1081228-2048x1258.jpg 2048w\" sizes=\"(max-width: 1024px) 100vw, 1024px\" \/>\t\t\t\t\t\t\t\t\t\t\t\t\t\t\t<\/div>\n\t\t\t\t<\/div>\n\t\t\t\t<div class=\"elementor-element elementor-element-ad49c7d elementor-widget elementor-widget-spacer\" data-id=\"ad49c7d\" data-element_type=\"widget\" data-e-type=\"widget\" data-widget_type=\"spacer.default\">\n\t\t\t\t<div class=\"elementor-widget-container\">\n\t\t\t\t\t\t\t<div class=\"elementor-spacer\">\n\t\t\t<div class=\"elementor-spacer-inner\"><\/div>\n\t\t<\/div>\n\t\t\t\t\t\t<\/div>\n\t\t\t\t<\/div>\n\t\t\t\t<div class=\"elementor-element elementor-element-75e52a3 elementor-widget elementor-widget-image\" data-id=\"75e52a3\" data-element_type=\"widget\" data-e-type=\"widget\" data-widget_type=\"image.default\">\n\t\t\t\t<div class=\"elementor-widget-container\">\n\t\t\t\t\t\t\t\t\t\t\t\t\t\t\t<img decoding=\"async\" width=\"800\" height=\"573\" src=\"https:\/\/geafe.com\/wp-content\/uploads\/2024\/03\/mapa.png\" class=\"attachment-full size-full wp-image-5782\" alt=\"\" srcset=\"https:\/\/geafe.com\/wp-content\/uploads\/2024\/03\/mapa.png 800w, https:\/\/geafe.com\/wp-content\/uploads\/2024\/03\/mapa-300x215.png 300w, https:\/\/geafe.com\/wp-content\/uploads\/2024\/03\/mapa-768x550.png 768w\" sizes=\"(max-width: 800px) 100vw, 800px\" \/>\t\t\t\t\t\t\t\t\t\t\t\t\t\t\t<\/div>\n\t\t\t\t<\/div>\n\t\t\t\t<div class=\"elementor-element elementor-element-78a00e6 elementor-widget elementor-widget-spacer\" data-id=\"78a00e6\" data-element_type=\"widget\" data-e-type=\"widget\" data-widget_type=\"spacer.default\">\n\t\t\t\t<div class=\"elementor-widget-container\">\n\t\t\t\t\t\t\t<div class=\"elementor-spacer\">\n\t\t\t<div class=\"elementor-spacer-inner\"><\/div>\n\t\t<\/div>\n\t\t\t\t\t\t<\/div>\n\t\t\t\t<\/div>\n\t\t\t\t<div class=\"elementor-element elementor-element-1cea104 elementor-widget elementor-widget-heading\" data-id=\"1cea104\" data-element_type=\"widget\" data-e-type=\"widget\" data-widget_type=\"heading.default\">\n\t\t\t\t<div class=\"elementor-widget-container\">\n\t\t\t\t\t<h2 class=\"elementor-heading-title elementor-size-default\">Gesti\u00f3n de programas de actividades fisicas, deportivas, acu\u00e1ticas y de ocio en diversas entidades :<\/h2>\t\t\t\t<\/div>\n\t\t\t\t<\/div>\n\t\t\t\t<div class=\"elementor-element elementor-element-b7c2b44 elementor-widget elementor-widget-text-editor\" data-id=\"b7c2b44\" data-element_type=\"widget\" data-e-type=\"widget\" data-widget_type=\"text-editor.default\">\n\t\t\t\t<div class=\"elementor-widget-container\">\n\t\t\t\t\t\t\t\t\t<ul><li>Ajuntament de Castellbisbal, Illa Esportiva<\/li><li>Patronat Municipal d\u2019Esports de Barber\u00e1 del V\u00e1lles, Complex Esportiu de Can Llobet<\/li><li>Ajuntament de Viladecans, Atrium<\/li><li>Patronat Municipal d\u2019Esports de Sant Boi de Llobregat , Poliesportiu la Parellada y Masalleras<\/li><li>Patronat Municipal d\u2019Esports de Sant Andreu de la Barca<\/li><li>Ajuntament de El Papiol, Piscina Municipal El Papiol<\/li><li>Ajuntament de Sant Feliu de Llobregat<\/li><li>Ajuntament de Mollet del V\u00e1lles<\/li><li>Ajuntament de Sabadell<\/li><li>Ajuntament de Badalona<\/li><li>Ajuntament d\u2019Esplugues<\/li><li>Ajuntament de Vilanova i la Geltr\u00fa<\/li><li>Ajuntament de Sant Quirze del Vall\u00e9s<\/li><li>Ajuntament de Corbera<\/li><li>Ajuntament de Malgrat de Mar<\/li><li>Patronat Municipal d\u2019Esports de Matar\u00f3<\/li><li>Ajuntament de Santa Coloma de Cervell\u00f3<\/li><li>Ajuntament de Granollers<\/li><li>Escola Joan Bardina<\/li><li style=\"list-style-type: none;\">\u00a0<\/li><\/ul>\t\t\t\t\t\t\t\t<\/div>\n\t\t\t\t<\/div>\n\t\t\t\t\t<\/div>\n\t\t<\/div>\n\t\t\t\t\t<\/div>\n\t\t<\/section>\n\t\t\t\t<\/div>","protected":false},"excerpt":{"rendered":"<p>Proyectos realizados GEAFE (Gesti\u00f3n de Actividades F\u00edsicas y Deportivas) especializada en la gesti\u00f3n integral de centros y servicios deportivos, de ocio y salud, consultor\u00eda de proyectos, Servicios integrales para proyectos deportivos, arquitect\u00f3nicos y construcci\u00f3n de nuevas instalaciones,\u00a0 ha llevado a cabo a lo largo de sus\u00a0m\u00e1s de 30 a\u00f1os de experiencia, diversas\u00a0concesiones, repartidas en Catalu\u00f1a, &#8230; <a title=\"Proyectos realizados\" class=\"read-more\" href=\"https:\/\/geafe.com\/ca\/proyectos-realizados\/\" aria-label=\"More on Proyectos realizados\">Read more<\/a><\/p>","protected":false},"author":1,"featured_media":0,"parent":0,"menu_order":0,"comment_status":"closed","ping_status":"closed","template":"","meta":{"footnotes":""},"class_list":["post-5736","page","type-page","status-publish"],"_links":{"self":[{"href":"https:\/\/geafe.com\/ca\/wp-json\/wp\/v2\/pages\/5736","targetHints":{"allow":["GET"]}}],"collection":[{"href":"https:\/\/geafe.com\/ca\/wp-json\/wp\/v2\/pages"}],"about":[{"href":"https:\/\/geafe.com\/ca\/wp-json\/wp\/v2\/types\/page"}],"author":[{"embeddable":true,"href":"https:\/\/geafe.com\/ca\/wp-json\/wp\/v2\/users\/1"}],"replies":[{"embeddable":true,"href":"https:\/\/geafe.com\/ca\/wp-json\/wp\/v2\/comments?post=5736"}],"version-history":[{"count":41,"href":"https:\/\/geafe.com\/ca\/wp-json\/wp\/v2\/pages\/5736\/revisions"}],"predecessor-version":[{"id":5794,"href":"https:\/\/geafe.com\/ca\/wp-json\/wp\/v2\/pages\/5736\/revisions\/5794"}],"wp:attachment":[{"href":"https:\/\/geafe.com\/ca\/wp-json\/wp\/v2\/media?parent=5736"}],"curies":[{"name":"wp","href":"https:\/\/api.w.org\/{rel}","templated":true}]}}